{"id":4281,"date":"2024-02-28T16:52:12","date_gmt":"2024-02-28T16:52:12","guid":{"rendered":"http:\/\/akpsychderm.com\/?page_id=4281"},"modified":"2024-03-19T14:35:24","modified_gmt":"2024-03-19T14:35:24","slug":"vorstand-dr-johannes-hockmann","status":"publish","type":"page","link":"http:\/\/akpsychderm.com\/?page_id=4281","title":{"rendered":"Vorstand Dr. Johannes Hockmann"},"content":{"rendered":"\t\t<div data-elementor-type=\"wp-page\" data-elementor-id=\"4281\" class=\"elementor elementor-4281\">\n\t\t\t\t\t\t<section class=\"elementor-section elementor-top-section elementor-element elementor-element-478cebe elementor-section-full_width elementor-section-height-default elementor-section-height-default\" data-id=\"478cebe\" data-element_type=\"section\" data-settings=\"{&quot;background_background&quot;:&quot;gradient&quot;}\">\n\t\t\t\t\t\t<div class=\"elementor-container elementor-column-gap-default\">\n\t\t\t\t\t<div class=\"elementor-column elementor-col-100 elementor-top-column elementor-element elementor-element-8e309a8\" data-id=\"8e309a8\" data-element_type=\"column\">\n\t\t\t<div class=\"elementor-widget-wrap elementor-element-populated\">\n\t\t\t\t\t\t<section class=\"elementor-section elementor-inner-section elementor-element elementor-element-89d997f elementor-section-boxed elementor-section-height-default elementor-section-height-default\" data-id=\"89d997f\" data-element_type=\"section\">\n\t\t\t\t\t\t<div class=\"elementor-container elementor-column-gap-default\">\n\t\t\t\t\t<div class=\"elementor-column elementor-col-50 elementor-inner-column elementor-element elementor-element-46c889d\" data-id=\"46c889d\" data-element_type=\"column\">\n\t\t\t<div class=\"elementor-widget-wrap elementor-element-populated\">\n\t\t\t\t\t\t<div class=\"elementor-element elementor-element-9ef9daf elementor-widget__width-initial elementor-widget elementor-widget-text-editor\" data-id=\"9ef9daf\" data-element_type=\"widget\" data-widget_type=\"text-editor.default\">\n\t\t\t\t<div class=\"elementor-widget-container\">\n\t\t\t\t\t\t\t\t\t<p>Dr. Johannes Hockmann<\/p>\t\t\t\t\t\t\t\t<\/div>\n\t\t\t\t<\/div>\n\t\t\t\t<div class=\"elementor-element elementor-element-7d002a9 elementor-widget elementor-widget-text-editor\" data-id=\"7d002a9\" data-element_type=\"widget\" data-widget_type=\"text-editor.default\">\n\t\t\t\t<div class=\"elementor-widget-container\">\n\t\t\t\t\t\t\t\t\t<p>2.Beisitzer<\/p>\t\t\t\t\t\t\t\t<\/div>\n\t\t\t\t<\/div>\n\t\t\t\t\t<\/div>\n\t\t<\/div>\n\t\t\t\t<div class=\"elementor-column elementor-col-50 elementor-inner-column elementor-element elementor-element-96caa6c\" data-id=\"96caa6c\" data-element_type=\"column\">\n\t\t\t<div class=\"elementor-widget-wrap elementor-element-populated\">\n\t\t\t\t\t\t<div class=\"elementor-element elementor-element-3f6008c elementor-widget elementor-widget-image\" data-id=\"3f6008c\" data-element_type=\"widget\" data-widget_type=\"image.default\">\n\t\t\t\t<div class=\"elementor-widget-container\">\n\t\t\t\t\t\t\t\t\t\t\t\t\t\t\t<img fetchpriority=\"high\" decoding=\"async\" width=\"300\" height=\"300\" src=\"http:\/\/akpsychderm.com\/wp-content\/uploads\/2024\/02\/hockmann.png\" class=\"attachment-medium size-medium wp-image-3676\" alt=\"\" srcset=\"http:\/\/akpsychderm.com\/wp-content\/uploads\/2024\/02\/hockmann.png 300w, http:\/\/akpsychderm.com\/wp-content\/uploads\/2024\/02\/hockmann-150x150.png 150w, http:\/\/akpsychderm.com\/wp-content\/uploads\/2024\/02\/hockmann-80x80.png 80w\" sizes=\"(max-width: 300px) 100vw, 300px\" \/>\t\t\t\t\t\t\t\t\t\t\t\t\t\t\t<\/div>\n\t\t\t\t<\/div>\n\t\t\t\t\t<\/div>\n\t\t<\/div>\n\t\t\t\t\t<\/div>\n\t\t<\/section>\n\t\t\t\t\t<\/div>\n\t\t<\/div>\n\t\t\t\t\t<\/div>\n\t\t<\/section>\n\t\t\t\t<section class=\"elementor-section elementor-top-section elementor-element elementor-element-8210edf elementor-section-boxed elementor-section-height-default elementor-section-height-default\" data-id=\"8210edf\" data-element_type=\"section\">\n\t\t\t\t\t\t<div class=\"elementor-container elementor-column-gap-default\">\n\t\t\t\t\t<div class=\"elementor-column elementor-col-50 elementor-top-column elementor-element elementor-element-da021ab\" data-id=\"da021ab\" data-element_type=\"column\">\n\t\t\t<div class=\"elementor-widget-wrap elementor-element-populated\">\n\t\t\t\t\t\t<div class=\"elementor-element elementor-element-e0a1645 elementor-widget elementor-widget-heading\" data-id=\"e0a1645\" data-element_type=\"widget\" data-widget_type=\"heading.default\">\n\t\t\t\t<div class=\"elementor-widget-container\">\n\t\t\t\t\t<h2 class=\"elementor-heading-title elementor-size-default\">Lebenslauf<\/h2>\t\t\t\t<\/div>\n\t\t\t\t<\/div>\n\t\t\t\t<div class=\"elementor-element elementor-element-eaf84b9 elementor-widget elementor-widget-text-editor\" data-id=\"eaf84b9\" data-element_type=\"widget\" data-widget_type=\"text-editor.default\">\n\t\t\t\t<div class=\"elementor-widget-container\">\n\t\t\t\t\t\t\t\t\t<p>Dipl.-Psych. Dr. med. Johannes Hockmann, 59302 Oelde<br \/><br \/>Studium der Psychologie an der Erziehungswissenschaftlichen Hochschule Rheinland-Pfalz, Abteilung<br \/>Landau &amp; der Philipps-Universit\u00e4t Marburg mit Abschluss als Diplom-Psychologe im Jahre 1985.<\/p><p><br \/>Psychotherapieausbildungen, z.B. in Verhaltenstherapie, Katatymes Bilderleben, Psychodrama und<br \/>Tiefenpsychologie; Anerkennung als Klinischer Psychologe\/ Psychotherapeut des Berufsverbandes<br \/>Deutscher Psychologen.<br \/>Studium der Humanmedizin an der Philipps-Universit\u00e4t Marburg;<\/p><p><br \/>Final Medical Year Student an der University of the West Indies und Abschluss mit Promotion im<br \/>Jahre 1992.<\/p><p><br \/><strong>1992-1996<\/strong>: Assistenzarzt in einer Marburger Dermatologischen Praxis, an der Psychiatrischen &#8211; Klinik<br \/>der Philipps- Universit\u00e4t Marburg und an der Klinik f\u00fcr Kinder- und Jugendpsychiatrie Hamm;<\/p><p><strong>1996- 2001<\/strong>: Wissenschaftlicher Mitarbeiter an der Universit\u00e4ts- Hautklinik M\u00fcnster. Mitarbeit in<br \/>verschiedenen Fachabteilungen, dort u.a. Spezialsprechstunde f\u00fcr Autoimmunerkrankungen der<br \/>Haut und Psychosomatik. Anerkennung zum F\u00fchren der Zusatzbezeichnungen: Allergologie und<br \/>Psychotherapie.<\/p><p><strong>Seit 1.7.2001<\/strong>: Niedergelassen als Facharzt f\u00fcr Dermatologie<br \/>in Oelde\/ Westfalen. Moderator des dermatologischen Qualit\u00e4tszirkels M\u00fcnster- &amp; -land.<br \/>Weiterbildungserm\u00e4chtigung u.a. f\u00fcr die Psychosomatische Grundversorgung. Erm\u00e4chtigung zur<br \/>Durchf\u00fchrung von Neurodermitis-Schulungen f\u00fcr Erwachsene.<br \/>Zunehmende Ausrichtung der Praxis auf die Behandlung der schweren atopischen Dermatitis und<br \/>Schuppenflechte (Psoriasis) mit Systemtherapeutika. (Unter den 10 f\u00fchrenden Zentren in<br \/>Deutschland mit den meisten Meldungen im Deutschen Psoriasis-Register).<\/p>\t\t\t\t\t\t\t\t<\/div>\n\t\t\t\t<\/div>\n\t\t\t\t<div class=\"elementor-element elementor-element-5b96bde elementor-widget elementor-widget-text-editor\" data-id=\"5b96bde\" data-element_type=\"widget\" data-widget_type=\"text-editor.default\">\n\t\t\t\t<div class=\"elementor-widget-container\">\n\t\t\t\t\t\t\t\t\t<p>Links<\/p>\t\t\t\t\t\t\t\t<\/div>\n\t\t\t\t<\/div>\n\t\t\t\t<div class=\"elementor-element elementor-element-52f8a58 elementor-icon-list--layout-traditional elementor-list-item-link-full_width elementor-widget elementor-widget-icon-list\" data-id=\"52f8a58\" data-element_type=\"widget\" data-widget_type=\"icon-list.default\">\n\t\t\t\t<div class=\"elementor-widget-container\">\n\t\t\t\t\t\t\t<ul class=\"elementor-icon-list-items\">\n\t\t\t\t\t\t\t<li class=\"elementor-icon-list-item\">\n\t\t\t\t\t\t\t\t\t\t\t<a href=\"http:\/\/www.hockmann.eu\/\" target=\"_blank\">\n\n\t\t\t\t\t\t\t\t\t\t\t\t<span class=\"elementor-icon-list-icon\">\n\t\t\t\t\t\t\t<i aria-hidden=\"true\" class=\"fas fa-chevron-circle-right\"><\/i>\t\t\t\t\t\t<\/span>\n\t\t\t\t\t\t\t\t\t\t<span class=\"elementor-icon-list-text\">hockmann.eu<\/span>\n\t\t\t\t\t\t\t\t\t\t\t<\/a>\n\t\t\t\t\t\t\t\t\t<\/li>\n\t\t\t\t\t\t<\/ul>\n\t\t\t\t\t\t<\/div>\n\t\t\t\t<\/div>\n\t\t\t\t\t<\/div>\n\t\t<\/div>\n\t\t\t\t<div class=\"elementor-column elementor-col-50 elementor-top-column elementor-element elementor-element-e918b8f\" data-id=\"e918b8f\" data-element_type=\"column\">\n\t\t\t<div class=\"elementor-widget-wrap\">\n\t\t\t\t\t\t\t<\/div>\n\t\t<\/div>\n\t\t\t\t\t<\/div>\n\t\t<\/section>\n\t\t\t\t<\/div>\n\t\t","protected":false},"excerpt":{"rendered":"<p>Dr. Johannes Hockmann 2.Beisitzer Lebenslauf Dipl.-Psych. Dr. med. Johannes Hockmann, 59302 Oelde Studium der Psychologie an der Erziehungswissenschaftlichen Hochschule Rheinland-Pfalz, AbteilungLandau &amp; der Philipps-Universit\u00e4t Marburg mit Abschluss als Diplom-Psychologe im Jahre 1985. Psychotherapieausbildungen, z.B. in Verhaltenstherapie, Katatymes Bilderleben, Psychodrama undTiefenpsychologie; Anerkennung als Klinischer Psychologe\/ Psychotherapeut des BerufsverbandesDeutscher Psychologen.Studium der Humanmedizin an der Philipps-Universit\u00e4t Marburg; Final [&hellip;]<\/p>\n","protected":false},"author":1,"featured_media":0,"parent":0,"menu_order":0,"comment_status":"closed","ping_status":"closed","template":"","meta":{"ocean_post_layout":"full-screen","ocean_both_sidebars_style":"","ocean_both_sidebars_content_width":0,"ocean_both_sidebars_sidebars_width":0,"ocean_sidebar":"0","ocean_second_sidebar":"0","ocean_disable_margins":"enable","ocean_add_body_class":"","ocean_shortcode_before_top_bar":"","ocean_shortcode_after_top_bar":"","ocean_shortcode_before_header":"","ocean_shortcode_after_header":"","ocean_has_shortcode":"","ocean_shortcode_after_title":"","ocean_shortcode_before_footer_widgets":"","ocean_shortcode_after_footer_widgets":"","ocean_shortcode_before_footer_bottom":"","ocean_shortcode_after_footer_bottom":"","ocean_display_top_bar":"off","ocean_display_header":"off","ocean_header_style":"","ocean_center_header_left_menu":"0","ocean_custom_header_template":"0","ocean_custom_logo":0,"ocean_custom_retina_logo":0,"ocean_custom_logo_max_width":0,"ocean_custom_logo_tablet_max_width":0,"ocean_custom_logo_mobile_max_width":0,"ocean_custom_logo_max_height":0,"ocean_custom_logo_tablet_max_height":0,"ocean_custom_logo_mobile_max_height":0,"ocean_header_custom_menu":"0","ocean_menu_typo_font_family":"0","ocean_menu_typo_font_subset":"","ocean_menu_typo_font_size":0,"ocean_menu_typo_font_size_tablet":0,"ocean_menu_typo_font_size_mobile":0,"ocean_menu_typo_font_size_unit":"px","ocean_menu_typo_font_weight":"","ocean_menu_typo_font_weight_tablet":"","ocean_menu_typo_font_weight_mobile":"","ocean_menu_typo_transform":"","ocean_menu_typo_transform_tablet":"","ocean_menu_typo_transform_mobile":"","ocean_menu_typo_line_height":0,"ocean_menu_typo_line_height_tablet":0,"ocean_menu_typo_line_height_mobile":0,"ocean_menu_typo_line_height_unit":"","ocean_menu_typo_spacing":0,"ocean_menu_typo_spacing_tablet":0,"ocean_menu_typo_spacing_mobile":0,"ocean_menu_typo_spacing_unit":"","ocean_menu_link_color":"","ocean_menu_link_color_hover":"","ocean_menu_link_color_active":"","ocean_menu_link_background":"","ocean_menu_link_hover_background":"","ocean_menu_link_active_background":"","ocean_menu_social_links_bg":"","ocean_menu_social_hover_links_bg":"","ocean_menu_social_links_color":"","ocean_menu_social_hover_links_color":"","ocean_disable_title":"on","ocean_disable_heading":"default","ocean_post_title":"","ocean_post_subheading":"","ocean_post_title_style":"","ocean_post_title_background_color":"","ocean_post_title_background":0,"ocean_post_title_bg_image_position":"","ocean_post_title_bg_image_attachment":"","ocean_post_title_bg_image_repeat":"","ocean_post_title_bg_image_size":"","ocean_post_title_height":0,"ocean_post_title_bg_overlay":0.5,"ocean_post_title_bg_overlay_color":"","ocean_disable_breadcrumbs":"default","ocean_breadcrumbs_color":"","ocean_breadcrumbs_separator_color":"","ocean_breadcrumbs_links_color":"","ocean_breadcrumbs_links_hover_color":"","ocean_display_footer_widgets":"off","ocean_display_footer_bottom":"off","ocean_custom_footer_template":"0","footnotes":""},"_links":{"self":[{"href":"http:\/\/akpsychderm.com\/index.php?rest_route=\/wp\/v2\/pages\/4281"}],"collection":[{"href":"http:\/\/akpsychderm.com\/index.php?rest_route=\/wp\/v2\/pages"}],"about":[{"href":"http:\/\/akpsychderm.com\/index.php?rest_route=\/wp\/v2\/types\/page"}],"author":[{"embeddable":true,"href":"http:\/\/akpsychderm.com\/index.php?rest_route=\/wp\/v2\/users\/1"}],"replies":[{"embeddable":true,"href":"http:\/\/akpsychderm.com\/index.php?rest_route=%2Fwp%2Fv2%2Fcomments&post=4281"}],"version-history":[{"count":7,"href":"http:\/\/akpsychderm.com\/index.php?rest_route=\/wp\/v2\/pages\/4281\/revisions"}],"predecessor-version":[{"id":4987,"href":"http:\/\/akpsychderm.com\/index.php?rest_route=\/wp\/v2\/pages\/4281\/revisions\/4987"}],"wp:attachment":[{"href":"http:\/\/akpsychderm.com\/index.php?rest_route=%2Fwp%2Fv2%2Fmedia&parent=4281"}],"curies":[{"name":"wp","href":"https:\/\/api.w.org\/{rel}","templated":true}]}}