{"id":4286,"date":"2024-02-28T16:59:14","date_gmt":"2024-02-28T16:59:14","guid":{"rendered":"http:\/\/akpsychderm.com\/?page_id=4286"},"modified":"2024-04-29T12:41:49","modified_gmt":"2024-04-29T12:41:49","slug":"vorstand-dr-gabriele-rapp","status":"publish","type":"page","link":"http:\/\/akpsychderm.com\/?page_id=4286","title":{"rendered":"Vorstand Dr. Gabriele Rapp"},"content":{"rendered":"\t\t<div data-elementor-type=\"wp-page\" data-elementor-id=\"4286\" class=\"elementor elementor-4286\">\n\t\t\t\t\t\t<section class=\"elementor-section elementor-top-section elementor-element elementor-element-478cebe elementor-section-full_width elementor-section-height-default elementor-section-height-default\" data-id=\"478cebe\" data-element_type=\"section\" data-settings=\"{&quot;background_background&quot;:&quot;gradient&quot;}\">\n\t\t\t\t\t\t<div class=\"elementor-container elementor-column-gap-default\">\n\t\t\t\t\t<div class=\"elementor-column elementor-col-100 elementor-top-column elementor-element elementor-element-8e309a8\" data-id=\"8e309a8\" data-element_type=\"column\">\n\t\t\t<div class=\"elementor-widget-wrap elementor-element-populated\">\n\t\t\t\t\t\t<section class=\"elementor-section elementor-inner-section elementor-element elementor-element-89d997f elementor-section-boxed elementor-section-height-default elementor-section-height-default\" data-id=\"89d997f\" data-element_type=\"section\">\n\t\t\t\t\t\t<div class=\"elementor-container elementor-column-gap-default\">\n\t\t\t\t\t<div class=\"elementor-column elementor-col-50 elementor-inner-column elementor-element elementor-element-46c889d\" data-id=\"46c889d\" data-element_type=\"column\">\n\t\t\t<div class=\"elementor-widget-wrap elementor-element-populated\">\n\t\t\t\t\t\t<div class=\"elementor-element elementor-element-9ef9daf elementor-widget__width-initial elementor-widget elementor-widget-text-editor\" data-id=\"9ef9daf\" data-element_type=\"widget\" data-widget_type=\"text-editor.default\">\n\t\t\t\t<div class=\"elementor-widget-container\">\n\t\t\t\t\t\t\t\t\t<p>Dr. Gabriele Rapp<\/p>\t\t\t\t\t\t\t\t<\/div>\n\t\t\t\t<\/div>\n\t\t\t\t<div class=\"elementor-element elementor-element-7d002a9 elementor-widget elementor-widget-text-editor\" data-id=\"7d002a9\" data-element_type=\"widget\" data-widget_type=\"text-editor.default\">\n\t\t\t\t<div class=\"elementor-widget-container\">\n\t\t\t\t\t\t\t\t\t<p>3.Beisitzerin<\/p>\t\t\t\t\t\t\t\t<\/div>\n\t\t\t\t<\/div>\n\t\t\t\t\t<\/div>\n\t\t<\/div>\n\t\t\t\t<div class=\"elementor-column elementor-col-50 elementor-inner-column elementor-element elementor-element-96caa6c\" data-id=\"96caa6c\" data-element_type=\"column\">\n\t\t\t<div class=\"elementor-widget-wrap elementor-element-populated\">\n\t\t\t\t\t\t<div class=\"elementor-element elementor-element-3f6008c elementor-widget elementor-widget-image\" data-id=\"3f6008c\" data-element_type=\"widget\" data-widget_type=\"image.default\">\n\t\t\t\t<div class=\"elementor-widget-container\">\n\t\t\t\t\t\t\t\t\t\t\t\t\t\t\t<img fetchpriority=\"high\" decoding=\"async\" width=\"300\" height=\"300\" src=\"http:\/\/akpsychderm.com\/wp-content\/uploads\/2024\/03\/Gabi_Neu-300x300.png\" class=\"attachment-medium size-medium wp-image-4915\" alt=\"\" srcset=\"http:\/\/akpsychderm.com\/wp-content\/uploads\/2024\/03\/Gabi_Neu-300x300.png 300w, http:\/\/akpsychderm.com\/wp-content\/uploads\/2024\/03\/Gabi_Neu-150x150.png 150w, http:\/\/akpsychderm.com\/wp-content\/uploads\/2024\/03\/Gabi_Neu-80x80.png 80w, http:\/\/akpsychderm.com\/wp-content\/uploads\/2024\/03\/Gabi_Neu.png 600w\" sizes=\"(max-width: 300px) 100vw, 300px\" \/>\t\t\t\t\t\t\t\t\t\t\t\t\t\t\t<\/div>\n\t\t\t\t<\/div>\n\t\t\t\t\t<\/div>\n\t\t<\/div>\n\t\t\t\t\t<\/div>\n\t\t<\/section>\n\t\t\t\t\t<\/div>\n\t\t<\/div>\n\t\t\t\t\t<\/div>\n\t\t<\/section>\n\t\t\t\t<section class=\"elementor-section elementor-top-section elementor-element elementor-element-8210edf elementor-section-boxed elementor-section-height-default elementor-section-height-default\" data-id=\"8210edf\" data-element_type=\"section\">\n\t\t\t\t\t\t<div class=\"elementor-container elementor-column-gap-default\">\n\t\t\t\t\t<div class=\"elementor-column elementor-col-50 elementor-top-column elementor-element elementor-element-da021ab\" data-id=\"da021ab\" data-element_type=\"column\">\n\t\t\t<div class=\"elementor-widget-wrap elementor-element-populated\">\n\t\t\t\t\t\t<div class=\"elementor-element elementor-element-e0a1645 elementor-widget elementor-widget-heading\" data-id=\"e0a1645\" data-element_type=\"widget\" data-widget_type=\"heading.default\">\n\t\t\t\t<div class=\"elementor-widget-container\">\n\t\t\t\t\t<h2 class=\"elementor-heading-title elementor-size-default\">Lebenslauf<\/h2>\t\t\t\t<\/div>\n\t\t\t\t<\/div>\n\t\t\t\t<div class=\"elementor-element elementor-element-779e560 elementor-widget elementor-widget-text-editor\" data-id=\"779e560\" data-element_type=\"widget\" data-widget_type=\"text-editor.default\">\n\t\t\t\t<div class=\"elementor-widget-container\">\n\t\t\t\t\t\t\t\t\t<p>Studium<\/p>\t\t\t\t\t\t\t\t<\/div>\n\t\t\t\t<\/div>\n\t\t\t\t<div class=\"elementor-element elementor-element-459a84e elementor-widget elementor-widget-text-editor\" data-id=\"459a84e\" data-element_type=\"widget\" data-widget_type=\"text-editor.default\">\n\t\t\t\t<div class=\"elementor-widget-container\">\n\t\t\t\t\t\t\t\t\t<p><strong>10\/92-11\/99<\/strong> Medizinische Fakult\u00e4t, Albert-Ludwigs-Universit\u00e4t Freiburg<\/p><p><strong>10\/95-03\/96<\/strong> Leopold-Franzens-Universit\u00e4t Innsbruck, \u00d6sterreich<\/p>\t\t\t\t\t\t\t\t<\/div>\n\t\t\t\t<\/div>\n\t\t\t\t<div class=\"elementor-element elementor-element-b6b59c7 elementor-widget elementor-widget-text-editor\" data-id=\"b6b59c7\" data-element_type=\"widget\" data-widget_type=\"text-editor.default\">\n\t\t\t\t<div class=\"elementor-widget-container\">\n\t\t\t\t\t\t\t\t\t<p>Dissertation<\/p>\t\t\t\t\t\t\t\t<\/div>\n\t\t\t\t<\/div>\n\t\t\t\t<div class=\"elementor-element elementor-element-7813974 elementor-widget elementor-widget-text-editor\" data-id=\"7813974\" data-element_type=\"widget\" data-widget_type=\"text-editor.default\">\n\t\t\t\t<div class=\"elementor-widget-container\">\n\t\t\t\t\t\t\t\t\t<p><strong>05\/96-10\/98<\/strong> \u201eDie Rolle des Transkriptionsfaktors Stat5 und der Phosphatase PTP1C bei der<br \/>Polycythaemie rubra vera\u201c.<br \/>Institut f\u00fcr Experimentelle An\u00e4sthesie, Albert-Ludwigs-Universit\u00e4t Freiburg<\/p>\t\t\t\t\t\t\t\t<\/div>\n\t\t\t\t<\/div>\n\t\t\t\t<div class=\"elementor-element elementor-element-888261a elementor-widget elementor-widget-text-editor\" data-id=\"888261a\" data-element_type=\"widget\" data-widget_type=\"text-editor.default\">\n\t\t\t\t<div class=\"elementor-widget-container\">\n\t\t\t\t\t\t\t\t\t<p>Facharztausbildung f\u00fcr Dermatologie und Venerologie<\/p>\t\t\t\t\t\t\t\t<\/div>\n\t\t\t\t<\/div>\n\t\t\t\t<div class=\"elementor-element elementor-element-81bd582 elementor-widget elementor-widget-text-editor\" data-id=\"81bd582\" data-element_type=\"widget\" data-widget_type=\"text-editor.default\">\n\t\t\t\t<div class=\"elementor-widget-container\">\n\t\t\t\t\t\t\t\t\t<p><strong>01\/00-06\/01<\/strong> \u00c4iP, Hautklinik Bad Cannstatt, Prof. Dr. med. Weidner<\/p><p><strong>09\/01-05\/03<\/strong> Assistenz\u00e4rztin, Hautklinik Bad Cannstatt, Prof. Dr. med. Weidner<\/p><p><strong>06\/03-02\/04<\/strong> Assistenz\u00e4rztin, Hautklinik Bad Cannstatt, PD Dr. med. Keller<\/p><p><strong>06\/04<\/strong> Facharztpr\u00fcfung, Fach\u00e4rztin f\u00fcr Haut- und Geschlechtskrankheiten<\/p><p><strong>04\/04-05\/08<\/strong> Praxisvertretung 14-t\u00e4gig, Praxis Dr. med. Gruber, Fellbach<\/p><p><strong>05\/14-04\/15<\/strong> Praxisvertretung w\u00f6chentlich, Praxis Dres Oster\/Rody, Vaihingen<br \/>Facharztausbildung f\u00fcr Psychosomatische Medizin und Psychotherapie<\/p><p><strong>07\/04-12\/04<\/strong> Medizinische Klinik II, B\u00fcrgerhospital Stuttgart, Prof. Dr. med. Wedler<\/p><p><strong>01\/05-03\/08<\/strong> Klinik f\u00fcr Psychosomatische Medizin und Psychotherapie, Prof. Dr. med.<br \/>Eckhardt-Henn<\/p><p><strong>03\/08-03\/09<\/strong> Zentrum f\u00fcr Seelische Gesundheit, B\u00fcrgerhospital Stuttgart, Prof. Dr.<br \/>med. T\u00e4schner, seit 11\/08 Priv. Doz. Dr. Dr. B\u00fcrgy<\/p><p><strong>03\/09-07\/09<\/strong> Funktionsober\u00e4rztin in der Klinik f\u00fcr Psychosomatische Medizin und Psychotherapie,<br \/>Klinikum Stuttgart<\/p><p><strong>07\/09<\/strong> Facharztpr\u00fcfung, Fach\u00e4rztin f\u00fcr Psychosomatische Medizin und Psychotherapie<br \/>Aktuelle Stelle<\/p><p><strong>07\/09-06\/16<\/strong> Ober\u00e4rztin in der Klinik f\u00fcr Psychosomatische Medizin und Psychotherapie, Klinikum<br \/>Stuttgart, Schwerpunkt Psychodermatologie<\/p><p><strong>09\/10-06\/16<\/strong> Psychodermatologischer Konsil-\/Liaisondienst im Klinikum Stuttgart, dermatologische<br \/>Versorgung der Patienten in der Psychosomatischen Klinik<\/p><p><strong>Seit 07\/16<\/strong> Ober\u00e4rztin in der Hautklinik Bad Cannstatt, Klinikum Stuttgart<\/p><p><strong>Seit 11\/13<\/strong> Beisitzende im Vorstand des Arbeitskreises Psychosomatische Dermatologie (APD),<br \/>Sektion der deutschen dermatologischen Gesellschaft (DDG)<\/p>\t\t\t\t\t\t\t\t<\/div>\n\t\t\t\t<\/div>\n\t\t\t\t<div class=\"elementor-element elementor-element-183102d elementor-widget elementor-widget-text-editor\" data-id=\"183102d\" data-element_type=\"widget\" data-widget_type=\"text-editor.default\">\n\t\t\t\t<div class=\"elementor-widget-container\">\n\t\t\t\t\t\t\t\t\t<p>Ver\u00f6ffentlichungen<\/p>\t\t\t\t\t\t\t\t<\/div>\n\t\t\t\t<\/div>\n\t\t\t\t<div class=\"elementor-element elementor-element-3fa24ad elementor-widget elementor-widget-text-editor\" data-id=\"3fa24ad\" data-element_type=\"widget\" data-widget_type=\"text-editor.default\">\n\t\t\t\t<div class=\"elementor-widget-container\">\n\t\t\t\t\t\t\t\t\t<ul><li>Mitherausgeberin des Buches: Die Haut und die Sprache der Seele, erschienen 09\/15 im<br \/>Fischer &amp; Gann Verlag, Neuauflage 07\/21<\/li><li>Ver\u00f6ffentlichung Dermatologie aktuell, Thieme Verlag, Akt Dermatol 2018; 44: 310-315:<br \/>Artefakte in der Dermatologie \u2013 erkennen und dann?<\/li><li>Artikel S\u00fcddeutsche Zeitung jetzt: \u201eWas Akne mit der Psyche macht\u201c vom 01.09.2022<\/li><\/ul>\t\t\t\t\t\t\t\t<\/div>\n\t\t\t\t<\/div>\n\t\t\t\t\t<\/div>\n\t\t<\/div>\n\t\t\t\t<div class=\"elementor-column elementor-col-50 elementor-top-column elementor-element elementor-element-e918b8f\" data-id=\"e918b8f\" data-element_type=\"column\">\n\t\t\t<div class=\"elementor-widget-wrap\">\n\t\t\t\t\t\t\t<\/div>\n\t\t<\/div>\n\t\t\t\t\t<\/div>\n\t\t<\/section>\n\t\t\t\t<\/div>\n\t\t","protected":false},"excerpt":{"rendered":"<p>Dr. Gabriele Rapp 3.Beisitzerin Lebenslauf Studium 10\/92-11\/99 Medizinische Fakult\u00e4t, Albert-Ludwigs-Universit\u00e4t Freiburg 10\/95-03\/96 Leopold-Franzens-Universit\u00e4t Innsbruck, \u00d6sterreich Dissertation 05\/96-10\/98 \u201eDie Rolle des Transkriptionsfaktors Stat5 und der Phosphatase PTP1C bei derPolycythaemie rubra vera\u201c.Institut f\u00fcr Experimentelle An\u00e4sthesie, Albert-Ludwigs-Universit\u00e4t Freiburg Facharztausbildung f\u00fcr Dermatologie und Venerologie 01\/00-06\/01 \u00c4iP, Hautklinik Bad Cannstatt, Prof. Dr. med. Weidner 09\/01-05\/03 Assistenz\u00e4rztin, Hautklinik Bad Cannstatt, Prof. [&hellip;]<\/p>\n","protected":false},"author":1,"featured_media":0,"parent":0,"menu_order":0,"comment_status":"closed","ping_status":"closed","template":"","meta":{"ocean_post_layout":"full-screen","ocean_both_sidebars_style":"","ocean_both_sidebars_content_width":0,"ocean_both_sidebars_sidebars_width":0,"ocean_sidebar":"0","ocean_second_sidebar":"0","ocean_disable_margins":"enable","ocean_add_body_class":"","ocean_shortcode_before_top_bar":"","ocean_shortcode_after_top_bar":"","ocean_shortcode_before_header":"","ocean_shortcode_after_header":"","ocean_has_shortcode":"","ocean_shortcode_after_title":"","ocean_shortcode_before_footer_widgets":"","ocean_shortcode_after_footer_widgets":"","ocean_shortcode_before_footer_bottom":"","ocean_shortcode_after_footer_bottom":"","ocean_display_top_bar":"off","ocean_display_header":"off","ocean_header_style":"","ocean_center_header_left_menu":"0","ocean_custom_header_template":"0","ocean_custom_logo":0,"ocean_custom_retina_logo":0,"ocean_custom_logo_max_width":0,"ocean_custom_logo_tablet_max_width":0,"ocean_custom_logo_mobile_max_width":0,"ocean_custom_logo_max_height":0,"ocean_custom_logo_tablet_max_height":0,"ocean_custom_logo_mobile_max_height":0,"ocean_header_custom_menu":"0","ocean_menu_typo_font_family":"0","ocean_menu_typo_font_subset":"","ocean_menu_typo_font_size":0,"ocean_menu_typo_font_size_tablet":0,"ocean_menu_typo_font_size_mobile":0,"ocean_menu_typo_font_size_unit":"px","ocean_menu_typo_font_weight":"","ocean_menu_typo_font_weight_tablet":"","ocean_menu_typo_font_weight_mobile":"","ocean_menu_typo_transform":"","ocean_menu_typo_transform_tablet":"","ocean_menu_typo_transform_mobile":"","ocean_menu_typo_line_height":0,"ocean_menu_typo_line_height_tablet":0,"ocean_menu_typo_line_height_mobile":0,"ocean_menu_typo_line_height_unit":"","ocean_menu_typo_spacing":0,"ocean_menu_typo_spacing_tablet":0,"ocean_menu_typo_spacing_mobile":0,"ocean_menu_typo_spacing_unit":"","ocean_menu_link_color":"","ocean_menu_link_color_hover":"","ocean_menu_link_color_active":"","ocean_menu_link_background":"","ocean_menu_link_hover_background":"","ocean_menu_link_active_background":"","ocean_menu_social_links_bg":"","ocean_menu_social_hover_links_bg":"","ocean_menu_social_links_color":"","ocean_menu_social_hover_links_color":"","ocean_disable_title":"on","ocean_disable_heading":"default","ocean_post_title":"","ocean_post_subheading":"","ocean_post_title_style":"","ocean_post_title_background_color":"","ocean_post_title_background":0,"ocean_post_title_bg_image_position":"","ocean_post_title_bg_image_attachment":"","ocean_post_title_bg_image_repeat":"","ocean_post_title_bg_image_size":"","ocean_post_title_height":0,"ocean_post_title_bg_overlay":0.5,"ocean_post_title_bg_overlay_color":"","ocean_disable_breadcrumbs":"default","ocean_breadcrumbs_color":"","ocean_breadcrumbs_separator_color":"","ocean_breadcrumbs_links_color":"","ocean_breadcrumbs_links_hover_color":"","ocean_display_footer_widgets":"off","ocean_display_footer_bottom":"off","ocean_custom_footer_template":"0","footnotes":""},"_links":{"self":[{"href":"http:\/\/akpsychderm.com\/index.php?rest_route=\/wp\/v2\/pages\/4286"}],"collection":[{"href":"http:\/\/akpsychderm.com\/index.php?rest_route=\/wp\/v2\/pages"}],"about":[{"href":"http:\/\/akpsychderm.com\/index.php?rest_route=\/wp\/v2\/types\/page"}],"author":[{"embeddable":true,"href":"http:\/\/akpsychderm.com\/index.php?rest_route=\/wp\/v2\/users\/1"}],"replies":[{"embeddable":true,"href":"http:\/\/akpsychderm.com\/index.php?rest_route=%2Fwp%2Fv2%2Fcomments&post=4286"}],"version-history":[{"count":13,"href":"http:\/\/akpsychderm.com\/index.php?rest_route=\/wp\/v2\/pages\/4286\/revisions"}],"predecessor-version":[{"id":5246,"href":"http:\/\/akpsychderm.com\/index.php?rest_route=\/wp\/v2\/pages\/4286\/revisions\/5246"}],"wp:attachment":[{"href":"http:\/\/akpsychderm.com\/index.php?rest_route=%2Fwp%2Fv2%2Fmedia&parent=4286"}],"curies":[{"name":"wp","href":"https:\/\/api.w.org\/{rel}","templated":true}]}}