{"id":21,"date":"2022-01-24T15:47:19","date_gmt":"2022-01-24T15:47:19","guid":{"rendered":"http:\/\/andreasost.de\/?page_id=21"},"modified":"2024-03-21T18:06:07","modified_gmt":"2024-03-21T18:06:07","slug":"satzung-veranstaltercheckliste","status":"publish","type":"page","link":"https:\/\/akpsychderm.com\/?page_id=21","title":{"rendered":"Satzung &#038; Veranstaltercheckliste"},"content":{"rendered":"\t\t<div data-elementor-type=\"wp-page\" data-elementor-id=\"21\" class=\"elementor elementor-21\">\n\t\t\t\t\t\t<section class=\"elementor-section elementor-top-section elementor-element elementor-element-9e5ac19 elementor-section-full_width elementor-section-height-default elementor-section-height-default\" data-id=\"9e5ac19\" data-element_type=\"section\" data-settings=\"{&quot;background_background&quot;:&quot;gradient&quot;}\">\n\t\t\t\t\t\t<div class=\"elementor-container elementor-column-gap-no\">\n\t\t\t\t\t<div class=\"elementor-column elementor-col-100 elementor-top-column elementor-element elementor-element-8e035fb\" data-id=\"8e035fb\" data-element_type=\"column\">\n\t\t\t<div class=\"elementor-widget-wrap elementor-element-populated\">\n\t\t\t\t\t\t<section class=\"elementor-section elementor-inner-section elementor-element elementor-element-50714d5 elementor-section-boxed elementor-section-height-default elementor-section-height-default\" data-id=\"50714d5\" data-element_type=\"section\">\n\t\t\t\t\t\t<div class=\"elementor-container elementor-column-gap-no\">\n\t\t\t\t\t<div class=\"elementor-column elementor-col-50 elementor-inner-column elementor-element elementor-element-5b04146\" data-id=\"5b04146\" data-element_type=\"column\">\n\t\t\t<div class=\"elementor-widget-wrap elementor-element-populated\">\n\t\t\t\t\t\t<div class=\"elementor-element elementor-element-a1377e8 elementor-widget-tablet__width-initial elementor-widget elementor-widget-text-editor\" data-id=\"a1377e8\" data-element_type=\"widget\" data-widget_type=\"text-editor.default\">\n\t\t\t\t<div class=\"elementor-widget-container\">\n\t\t\t\t\t\t\t\t\t<p>Unsere Satzung &amp; Checkliste f\u00fcr Veranstalter der Jahrestagungen des APD<\/p>\t\t\t\t\t\t\t\t<\/div>\n\t\t\t\t<\/div>\n\t\t\t\t\t<\/div>\n\t\t<\/div>\n\t\t\t\t<div class=\"elementor-column elementor-col-50 elementor-inner-column elementor-element elementor-element-be5cef7\" data-id=\"be5cef7\" data-element_type=\"column\">\n\t\t\t<div class=\"elementor-widget-wrap\">\n\t\t\t\t\t\t\t<\/div>\n\t\t<\/div>\n\t\t\t\t\t<\/div>\n\t\t<\/section>\n\t\t\t\t\t<\/div>\n\t\t<\/div>\n\t\t\t\t\t<\/div>\n\t\t<\/section>\n\t\t\t\t<section class=\"elementor-section elementor-top-section elementor-element elementor-element-0104d93 elementor-section-boxed elementor-section-height-default elementor-section-height-default\" data-id=\"0104d93\" data-element_type=\"section\" data-settings=\"{&quot;background_background&quot;:&quot;classic&quot;}\">\n\t\t\t\t\t\t<div class=\"elementor-container elementor-column-gap-no\">\n\t\t\t\t\t<div class=\"elementor-column elementor-col-100 elementor-top-column elementor-element elementor-element-9641cc5\" data-id=\"9641cc5\" data-element_type=\"column\">\n\t\t\t<div class=\"elementor-widget-wrap elementor-element-populated\">\n\t\t\t\t\t\t<section class=\"elementor-section elementor-inner-section elementor-element elementor-element-8ad4e44 elementor-section-boxed elementor-section-height-default elementor-section-height-default\" data-id=\"8ad4e44\" data-element_type=\"section\">\n\t\t\t\t\t\t<div class=\"elementor-container elementor-column-gap-no\">\n\t\t\t\t\t<div class=\"elementor-column elementor-col-50 elementor-inner-column elementor-element elementor-element-3d3c8b1\" data-id=\"3d3c8b1\" data-element_type=\"column\">\n\t\t\t<div class=\"elementor-widget-wrap elementor-element-populated\">\n\t\t\t\t\t\t<div class=\"elementor-element elementor-element-fb6c94e elementor-widget elementor-widget-text-editor\" data-id=\"fb6c94e\" data-element_type=\"widget\" data-widget_type=\"text-editor.default\">\n\t\t\t\t<div class=\"elementor-widget-container\">\n\t\t\t\t\t\t\t\t\tSatzung Arbeitskreis Psychosomatische Dermatologie\t\t\t\t\t\t\t\t<\/div>\n\t\t\t\t<\/div>\n\t\t\t\t<div class=\"elementor-element elementor-element-3614447 elementor-widget elementor-widget-text-editor\" data-id=\"3614447\" data-element_type=\"widget\" data-widget_type=\"text-editor.default\">\n\t\t\t\t<div class=\"elementor-widget-container\">\n\t\t\t\t\t\t\t\t\t<p><strong>\u00a7 1 Name<\/strong><br \/>Der Verein f\u00fchrt den Namen:<br \/>&#8220;Arbeitskreis Psychosomatische Dermatologie e.V.\u201c (APD)<br \/>(Sektion der Deutschen Dermatologischen Gesellschaft e.V.)<br \/><strong>\u00a7 2 Sitz<\/strong><br \/>Sitz des Vereins ist Gie\u00dfen und ist dort in das Vereinsregister einzutragen.<br \/><strong>\u00a7 3 Zweck<\/strong><br \/>(1) Im Arbeitskreis Psychosomatische Dermatologie schlie\u00dfen sich alle an den Fragen der<br \/>pychosomatischen Dermatologie interessierten Wissenschaftler und in der psychosomatischen<br \/>Dermatologie t\u00e4tigen Berufsgruppen (\u00c4rzte, Psychologen und andere) zusammen.<br \/>(2) Der Verein ist auf dem Gebiet der Psychosomatik bei Hautkrankheiten t\u00e4tig. Sein Ziel ist die<br \/>Integration von psychosomatischen Gesichtspunkten und Konzepten in die Dermatologie, die<br \/>F\u00f6rderung der Kooperation zwischen Dermatologen und Psychotherapeuten und in der Dermatologie<br \/>t\u00e4tigen Berufsgruppen.<br \/>(3) Der Verein vertritt psychoanalytische und verhaltenstherapeutische Konzepte und andere<br \/>wissenschaftlich anerkannte psychotherapeutische Richtungen.<br \/>(4) Der Verein unterst\u00fctzt die wissenschaftliche Fortbildung seiner Mitglieder und die F\u00f6rderung<br \/>wissenschaftlicher Forschung sowie Publikationen aus Forschung und Praxis.<br \/>(5) Zweck des Vereins ist der Erfahrungsaustausch und regelm\u00e4\u00dfige \u00f6ffentliche Tagungen sowie<br \/>Vortr\u00e4ge, Supervisions- und Beratungsm\u00f6glichkeiten, die der Fortbildung in diesem Fachgebiet<br \/>dienen.<br \/>(6) Ziel des Vereins ist, die Kompetenz in der psychosomatischen Dermatologie zu st\u00e4rken und zu<br \/>f\u00f6rdern. Der Verein soll dazu die \u00d6ffentlichkeit \u00fcber die Ergebnisse, Probleme seines Arbeitsgebietes<br \/>informieren und mit Vereinigungen \u00e4hnlicher Zielsetzung und Institutionen des \u00f6ffentlichen<br \/>Gesundheitswesens kooperieren. Der Verein vertritt die Interessen der psychosomatischen<br \/>Dermatologie auch in der Standespolitik gegen\u00fcber Beh\u00f6rden und Institutionen der<br \/>Selbstverwaltung.<br \/><strong>\u00a7 4 Gemeinn\u00fctzigkeit<\/strong><br \/>(1) Der Verein verfolgt ausschlie\u00dflich und unmittelbar gemeinn\u00fctzige Zwecke im Sinne der<br \/>Vorschriften des dritten Abschnittes der Abgabenordnung 1977 vom 16.03.1976.<br \/>(2) Der Verein ist selbstlos t\u00e4tig. Er verfolgt nicht in erster Linie eigenwirtschaftliche Zwecke.<br \/>(3) Mittel des Vereins d\u00fcrfen nur f\u00fcr die satzungsgem\u00e4\u00dfen Zwecke verwendet werden. Die<br \/>Mitglieder erhalten keine Zuwendungen aus Mitteln des Vereins.<br \/>(4) Es darf keine Person durch Ausgaben, die dem Zweck der K\u00f6rperschaft fremd sind oder durch<br \/>unverh\u00e4ltnism\u00e4\u00dfig hohe Verg\u00fctungen beg\u00fcnstigt werden.<br \/><strong>\u00a7 5 Mitglieder<\/strong><br \/>(1) Ordentliche Mitglieder des Vereins k\u00f6nnen Personen werden, die eine abgeschlossene<br \/>dermatologische oder eine wissenschaftlich psychologische Ausbildung und oder<br \/>psychotherapeutische Weiterbildung haben oder sich in einer derartigen Weiterbildung befinden.<br \/>(2) Au\u00dferordentliche Mitglieder k\u00f6nnen alle im \u00a7 3 (1) genannten Personen und Beh\u00f6rden werden,<br \/>die zwar nicht im Sinne der Satzung arbeiten, aber dennoch den Zweck des Vereins f\u00f6rdern.<br \/>(3) Ehrenmitglieder und Ehrenvorsitzende k\u00f6nnen Personen werden, die sich besonders um die<br \/>psychosomatische Dermatologie verdient gemacht haben. Auf Vorschlag des Vorstands kann die<br \/>Mitgliederversammlung Ehrenmitglieder und Ehrenvorsitzende ernennen.<br \/>(4) Die Mitgliedschaft ist formlos beim Vorstand des Vereins zu beantragen. \u00dcber die Aufnahme<br \/>entscheidet der Vorstand.<br \/>(5) Die Mitgliedschaft endet durch: Tod, schriftliche Austrittserkl\u00e4rung an den Vorstand und durch<br \/>Ausschluss Der Ausschluss erfolgt bei gr\u00f6blichem und vors\u00e4tzlichem Versto\u00df gegen die Interessen<br \/>des Vereins, insbesondere gegen dessen Satzung.<br \/>(6) Das ausscheidende Mitglied hat keine Anspr\u00fcche an das Vereinsverm\u00f6gen.<br \/><strong>\u00a7 6 Organe<\/strong><br \/>Die Organe des Vereins sind:<br \/>1. Die Mitgliederversammlung<br \/>2. Der Vorstand<br \/>3. Aussch\u00fcsse, die bei Bedarf vom Vorstand eingerichtet werden(z.. Ausschuss f\u00fcr<br \/>\u00d6ffentlichkeitsarbeit)<br \/><strong>\u00a7 7 Die Mitgliederversammlung<\/strong><br \/>Die Mitgliederversammlung ist das oberste Organ des Arbeitskreises Psychosomatische<br \/>Dermatologie.<br \/>(1) Die Mitgliederversammlung beschlie\u00dft insbesondere \u00fcber:<br \/>1. Wahl und Entlastung des Vorstandes<br \/>2. die Vorschl\u00e4ge zur Nominierung von Vertretern des Vereins in Fach- und berufspolitischen<br \/>Gremien<br \/>3. Fortbildungs- und Forschungsfragen<br \/>4. die Beitragsh\u00f6he<br \/>5. den vom Vorstand vorgelegten Haushaltsplan und besondere Ausgaben<br \/>6. Ausschluss von ordentlichen und au\u00dferordentlichen Mitgliedern und Ernennung von<br \/>Ehrenmitgliedern und Ehrenvorsitzenden<br \/>7. Die Aufl\u00f6sung des Vereins<br \/>(2) Die Mitgliederversammlung wird vom Vorstand unter Einhaltung einer Frist von drei Wochen mit<br \/>Angabe der Tagesordnung mindestens einmal j\u00e4hrlich schriftlich einberufen und zwar in der Regel zur<br \/>Jahrestagung des Arbeitskreises Psychosomatische Dermatologie.<br \/>(3) Der Vorstand kann von sich aus jederzeit eine Mitgliederversammlung einberufen.<br \/>(4) Der Vorstand ist verpflichtet, eine Mitgliederversammlung einzuberufen, wenn sie von<br \/>mindestens einem Viertel der Mitglieder schriftlich beantragt wird.<br \/>(5) Bei Beschlussfassung entscheidet die Mehrheit der abgegebenen Stimmen der ordentlichen<br \/>Mitglieder. Stimmenthaltungen und ung\u00fcltige Stimmen werden nicht mitgez\u00e4hlt.<br \/>(6) \u00dcber Satzungs\u00e4nderungen und Ausschluss von Mitgliedern beschlie\u00dft die Mitgliederversammlung<br \/>mit einer Zweidrittelmehrheit, wobei die Anwesenheit von mindestens der H\u00e4lfte der Mitglieder<br \/>erforderlich ist. Im Falle der Beschlussunf\u00e4higkeit kann eine halbe Stunde sp\u00e4ter eine neue<br \/>Mitgliederversammlung einberufen werden, welche dann mit einfacher Mehrheit beschlussf\u00e4hig ist.<br \/>(7) F\u00fcr die Wahl eines Ehrenmitglieds ist eine Zweidrittelmehrheit erforderlich.<br \/>(8) Die Mitgliederversammlung nimmt j\u00e4hrlich einmal die Rechenschaftsberichte des Vorstandes, des<br \/>Schatzmeisters, der gew\u00e4hlten Gremienvertreter sowie ggf. vom Vertreter eines gew\u00e4hlten<br \/>Ausschusses entgegen.<br \/>(9) \u00dcber die Mitgliederversammlung ist ein Protokoll zu f\u00fchren, das allen Mitgliedern zugeleitet wird.<br \/>Die Protokollniederschrift ist vom jeweiligen Versammlungsleiter und Protokollf\u00fchrer zu<br \/>unterzeichnen.<br \/><strong>\u00a7 8 Der Vorstand<\/strong><br \/>(1) Der Vorstand besteht aus:<br \/>1. Dem Vorsitzenden<br \/>2. Dem stellvertretenden Vorsitzenden<br \/>3. Dem Schatzmeister<br \/>4. Dem Schriftf\u00fchrer<br \/>5. 3 Beisitzern<br \/>6. Dem Verbindungsmann des Vereins zur Deutschen Dermatologischen Gesellschaft<br \/>7. Ggf. dem Vertreter eines ggf. gew\u00e4hlten Ausschusses<br \/>8. Den Ehrenvorsitzenden<br \/>Als nicht stimmberechtigtes kooptiertes Mitglied der Referent f\u00fcr Psychosomatik des<br \/>Berufsverbandes der Deutschen Dermatologen e.V. Der Vorstand hat die M\u00f6glichkeit, zu bestimmten<br \/>Fragen weitere Mitglieder zu kooptieren.<br \/>(2) Der Vorsitzende des Vereins ist Dermatologe. In der Regel soll dem Vorstand mindestens ein<br \/>Psychologe angeh\u00f6ren.<br \/>(3) Der Vorsitzende, sein Stellvertreter, der Schatzmeister und der Schriftf\u00fchrer wie auch die Beisitzer<br \/>werden in getrennten Wahlg\u00e4ngen in geheimer Wahl von der Mitgliederversammlung gew\u00e4hlt.<br \/>(4) Die Vorstandsmitglieder werden f\u00fcr zwei Jahre gew\u00e4hlt. Der Vorstand bleibt bis zur Neuwahl im<br \/>Amt. Die Wiederwahl ist zul\u00e4ssig.<br \/>(5) Scheidet ein Mitglied des Vorstandes vorzeitig aus, so kann der Vorstand f\u00fcr die restliche<br \/>Amtsdauer des Ausgeschiedenen einen Nachfolger w\u00e4hlen.<br \/>(6) Der Vorstand leitet die Gesch\u00e4fte des Vereins. Die gerichtliche und au\u00dfergerichtliche Vertretung<br \/>(Vorstand gem\u00e4\u00df \u00a7 26 (2) G) wird vom Vorsitzenden, dem stellvertretenden Vorsitzenden und vom<br \/>Schatzmeister wahrgenommen. Jeweils zwei Vorstandsmitglieder &#8211; darunter mindestens der<br \/>Vorsitzende &#8211; vertreten gemeinsam.<br \/>(7) Der Vorstand tritt mindestens einmal j\u00e4hrlich zusammen. Die Einladung dazu ergeht mit Frist von<br \/>zwei Wochen durch den Schriftf\u00fchrer.<br \/>(8) Der Vorstand ist bei Anwesenheit von vier seiner Mitglieder beschlussf\u00e4hig. Beschl\u00fcsse werden<br \/>mit einfacher Mehrheit gefasst. \u00dcber die Vorstandssitzung ist ein Verlaufs- und Beschlussprotokoll<br \/>anzufertigen, welches durch den Schriftf\u00fchrer oder ein damit beauftragtes Vorstandsmitglied zu<br \/>beurkunden ist.<br \/>9) Der Vorstand bereitet Mitgliederversammlungen vor und f\u00fchrt deren Beschl\u00fcsse durch. Er legt<br \/>j\u00e4hrlich einen Haushaltsplan vor und sichert die Buchf\u00fchrung des Vereins. Er entscheidet \u00fcber die<br \/>Aufnahmeantr\u00e4ge von Mitgliedern.<br \/>10) Die Mitglieder des Vorstandes f\u00fchren ihre \u00c4mter ehrenamtlich. Auslagen sind auf Antrag zu<br \/>erstatten.<br \/><strong>\u00a7 9 Gesch\u00e4ftsjahr<\/strong><br \/>Das Gesch\u00e4ftsjahr des Vereins entspricht dem Kalenderjahr.<br \/><strong>\u00a7 10 Die Mittel<\/strong><br \/>(1) Der Verein erwirbt seine Mittel durch Beitr\u00e4ge und Umlagen, durch Spenden und Zusch\u00fcsse und<br \/>sonstige Einnahmen.<br \/>(2) Die H\u00f6he, F\u00e4lligkeit und Zahlungsweise der Mitgliedsbeitr\u00e4ge wird auf Vorschlag des Vorstands<br \/>durch die Mitgliederversammlung festgesetzt. Dazu kann eine Beitragssatzung beschlossen werden,<br \/>die nicht Bestandteil dieser Satzung ist.<br \/>(3) Die Verwendung der Mittel erfolgt durch den Vorstand gem\u00e4\u00df \u00a7 3 und \u00a7 4 der Satzung.<br \/>(4) F\u00fcr die Verwendung von Spenden k\u00f6nnen auf Antrag des Spenders oder des Vorstandes von der<br \/>Mitgliederversammlung eigene Organe gebildet werden.<br \/><strong>\u00a7 11 Verlust der Mitgliedschaft<\/strong><br \/>Der Verlust der Mitgliedschaft erfolgt durch Austritt oder Ausschluss.<br \/>(1) Die Mitgliedschaft erlischt automatisch, wenn der Mitgliedsbeitrag trotz zweifacher Aufforderung<br \/>ohne Angaben von Gr\u00fcnden und \u00dcberschreitung des letzten Zahlungszieles um drei Monate nicht<br \/>gezahlt worden ist.<br \/>(2) Der Austritt erfolgt durch schriftliche Anzeige an den Vorstand zum Schlu\u00df des Gesch\u00e4ftsjahres<br \/>und mu\u00df mindestens drei Monate vorher erkl\u00e4rt werden. Der Austritt befreit nicht von der<br \/>Entrichtung des laufenden Jahresbeitrages.<br \/>(3) Der Ausschluss erfolgt in einer Mitgliederversammlung mit Zweidrittelmehrheit der erschienenen<br \/>Mitglieder. Dem vom Ausschluss Betroffenen ist im Ausschlussverfahren ausreichend Gelegenheit<br \/>zum rechtlichen Geh\u00f6r zu geben. W\u00e4hrend des Ausschlussverfahrens ruht die Mitgliedschaft bis zur<br \/>endg\u00fcltigen Entscheidung. Die weiteren Modalit\u00e4ten eines Ausschlussverfahrens werden in einer<br \/>Gesch\u00e4ftsordnung geregelt.<br \/><strong>\u00a7 12 Gesch\u00e4ftsordnung<\/strong><br \/>Durch diese Satzung oder durch Beschl\u00fcsse der Mitgliederversammlung nicht festgelegte Vorg\u00e4nge<br \/>werden durch eine Gesch\u00e4ftsordnung geregelt.<br \/><strong>\u00a7 13 Aufl\u00f6sung des Vereins<\/strong><br \/>(1) \u00dcber die Aufl\u00f6sung des Vereins entscheidet eine eigens zu diesem Zweck einberufene<br \/>Mitgliederversammlung mit einer Mehrheit von drei Vierteln der anwesenden Mitglieder. Die<br \/>Versammlung ist nur beschlussf\u00e4hig, wenn mindestens die H\u00e4lfte aller Mitglieder anwesend sind. Bei<br \/>Beschlussunf\u00e4higkeit der Versammlung ist innen drei Monaten zu einer<br \/>Wiederholungsmitgliederversammlung mit gleicher Tagesordnung zur Aufl\u00f6sung des Vereins<br \/>einzuladen. Diese Wiederholungsmitgliederversammlung ist dann unabh\u00e4ngig von der Anzahl der<br \/>erschienenen Vereinsmitglieder in jedem Falle beschlussf\u00e4hig. Darauf ist bei Einladung zur<br \/>Wiederholungsmitgliederversammlung ausdr\u00fccklich hinzuweisen.<br \/>(2) Bei Aufl\u00f6sung des Vereins oder Wegfall der bisherigen Zwecke f\u00e4llt das Verm\u00f6gen des Vereins an<br \/>die Deutsche Dermatologische Gesellschaft, die es unmittelbar und ausschlie\u00dflich f\u00fcr gemeinn\u00fctzige<br \/>Zwecke zu verwenden hat. Letzte \u00c4nderung der Satzung durch MV auf der Herbsttagung 2003 in Bad<br \/>Bentheim<\/p>\t\t\t\t\t\t\t\t<\/div>\n\t\t\t\t<\/div>\n\t\t\t\t\t<\/div>\n\t\t<\/div>\n\t\t\t\t<div class=\"elementor-column elementor-col-50 elementor-inner-column elementor-element elementor-element-aa423b3\" data-id=\"aa423b3\" data-element_type=\"column\">\n\t\t\t<div class=\"elementor-widget-wrap elementor-element-populated\">\n\t\t\t\t\t\t<div class=\"elementor-element elementor-element-a33d779 elementor-widget__width-initial elementor-widget elementor-widget-text-editor\" data-id=\"a33d779\" data-element_type=\"widget\" data-widget_type=\"text-editor.default\">\n\t\t\t\t<div class=\"elementor-widget-container\">\n\t\t\t\t\t\t\t\t\tCheckliste Veranstalter\t\t\t\t\t\t\t\t<\/div>\n\t\t\t\t<\/div>\n\t\t\t\t<div class=\"elementor-element elementor-element-446c186 elementor-widget__width-initial elementor-widget elementor-widget-text-editor\" data-id=\"446c186\" data-element_type=\"widget\" data-widget_type=\"text-editor.default\">\n\t\t\t\t<div class=\"elementor-widget-container\">\n\t\t\t\t\t\t\t\t\t<p>Die Jahrestagungen sind Veranstaltungen des AkPsychDerm und bieten z.B. die M\u00f6glichkeit, dass sich<br \/>benachbarte Fachgebiete oder eine Klinik auf dem Gebiet der Psychosomatischen Dermatologie<br \/>vorstellen k\u00f6nnen.<\/p><p>Der AkPsychDerm f\u00fchlt sich f\u00fcr die Themenauswahl und die Qualit\u00e4t der Tagung<br \/>mitverantwortlich.<br \/>Die Organisation von Vortragsthemen und Referent:innen liegt prinzipiell in der Verantwortlichkeit<br \/>der jeweiligen Organisator:innen am Veranstaltungsort. Ebenso die Finanzierung der Tagung wie z.B.<br \/>Honorare f\u00fcr Vortragende usw., wobei diese auch von Sponsoren \u00fcbernommen werden k\u00f6nnen. Im<br \/>Einzelfall kann nach R\u00fccksprache mit dem Vorstand des AkPsychDerm auch eine finanzielle<br \/>Unterst\u00fctzung und die Stellung von Referenten aus dem AkPsychDerm erfolgen.<\/p><p>Tagungsanfragen und Programmentw\u00fcrfe mit Themenvorschl\u00e4gen k\u00f6nnen sp\u00e4testens bei der<br \/>vorhergehenden Jahrestagung des AkPsychDerm dem Vorstand des AkPsychDerm vorgeschlagen und<br \/>mit diesem abgesprochen werden. Der AkPsychDerm gleicht i.d.R. die Inhalte der geplanten<br \/>Veranstaltungen mit den Zielen und Themen des Arbeitskreises ab und erg\u00e4nzt bzw. \u00e4ndert ggf.<br \/>einzelne Programmpunkte. Dabei wird der Schwerpunkt auf geeignete Themen f\u00fcr die Weiterbildung<br \/>und mit Praxisrelevanz gelegt. Es sollten im Sinne des Weiterbildungscurriculums folgende Seminare<br \/>Ber\u00fccksichtigung finden:<br \/>\u2022 Supervisionsseminare<br \/>\u2022 Entspannungverfahrensseminare<br \/>\u2022 Seminare zur Krankheitsverarbeitung (Coping) und Resillienz<br \/>\u2022 Seminare f\u00fcr das therapeutische Team (f\u00fcr \u00e4rztliche und nicht-\u00e4rztliche Mitarbeiter:innen)<br \/>\u2022 Zus\u00e4tzliche fakultative Seminare<\/p>\t\t\t\t\t\t\t\t<\/div>\n\t\t\t\t<\/div>\n\t\t\t\t\t<\/div>\n\t\t<\/div>\n\t\t\t\t\t<\/div>\n\t\t<\/section>\n\t\t\t\t\t<\/div>\n\t\t<\/div>\n\t\t\t\t\t<\/div>\n\t\t<\/section>\n\t\t\t\t<section class=\"elementor-section elementor-top-section elementor-element elementor-element-e5e20e1 elementor-section-boxed elementor-section-height-default elementor-section-height-default\" data-id=\"e5e20e1\" data-element_type=\"section\">\n\t\t\t\t\t\t<div class=\"elementor-container elementor-column-gap-default\">\n\t\t\t\t\t<div class=\"elementor-column elementor-col-100 elementor-top-column elementor-element elementor-element-68c4706\" data-id=\"68c4706\" data-element_type=\"column\">\n\t\t\t<div class=\"elementor-widget-wrap\">\n\t\t\t\t\t\t\t<\/div>\n\t\t<\/div>\n\t\t\t\t\t<\/div>\n\t\t<\/section>\n\t\t\t\t<\/div>\n\t\t","protected":false},"excerpt":{"rendered":"<p>Unsere Satzung &amp; Checkliste f\u00fcr Veranstalter der Jahrestagungen des APD Satzung Arbeitskreis Psychosomatische Dermatologie \u00a7 1 NameDer Verein f\u00fchrt den Namen:&#8220;Arbeitskreis Psychosomatische Dermatologie e.V.\u201c (APD)(Sektion der Deutschen Dermatologischen Gesellschaft e.V.)\u00a7 2 SitzSitz des Vereins ist Gie\u00dfen und ist dort in das Vereinsregister einzutragen.\u00a7 3 Zweck(1) Im Arbeitskreis Psychosomatische Dermatologie schlie\u00dfen sich alle an den Fragen [&hellip;]<\/p>\n","protected":false},"author":1,"featured_media":0,"parent":0,"menu_order":0,"comment_status":"closed","ping_status":"closed","template":"","meta":{"ocean_post_layout":"full-screen","ocean_both_sidebars_style":"","ocean_both_sidebars_content_width":0,"ocean_both_sidebars_sidebars_width":0,"ocean_sidebar":"0","ocean_second_sidebar":"0","ocean_disable_margins":"enable","ocean_add_body_class":"","ocean_shortcode_before_top_bar":"","ocean_shortcode_after_top_bar":"","ocean_shortcode_before_header":"","ocean_shortcode_after_header":"","ocean_has_shortcode":"","ocean_shortcode_after_title":"","ocean_shortcode_before_footer_widgets":"","ocean_shortcode_after_footer_widgets":"","ocean_shortcode_before_footer_bottom":"","ocean_shortcode_after_footer_bottom":"","ocean_display_top_bar":"off","ocean_display_header":"default","ocean_header_style":"","ocean_center_header_left_menu":"0","ocean_custom_header_template":"0","ocean_custom_logo":0,"ocean_custom_retina_logo":0,"ocean_custom_logo_max_width":0,"ocean_custom_logo_tablet_max_width":0,"ocean_custom_logo_mobile_max_width":0,"ocean_custom_logo_max_height":0,"ocean_custom_logo_tablet_max_height":0,"ocean_custom_logo_mobile_max_height":0,"ocean_header_custom_menu":"0","ocean_menu_typo_font_family":"0","ocean_menu_typo_font_subset":"","ocean_menu_typo_font_size":0,"ocean_menu_typo_font_size_tablet":0,"ocean_menu_typo_font_size_mobile":0,"ocean_menu_typo_font_size_unit":"px","ocean_menu_typo_font_weight":"","ocean_menu_typo_font_weight_tablet":"","ocean_menu_typo_font_weight_mobile":"","ocean_menu_typo_transform":"","ocean_menu_typo_transform_tablet":"","ocean_menu_typo_transform_mobile":"","ocean_menu_typo_line_height":0,"ocean_menu_typo_line_height_tablet":0,"ocean_menu_typo_line_height_mobile":0,"ocean_menu_typo_line_height_unit":"","ocean_menu_typo_spacing":0,"ocean_menu_typo_spacing_tablet":0,"ocean_menu_typo_spacing_mobile":0,"ocean_menu_typo_spacing_unit":"","ocean_menu_link_color":"","ocean_menu_link_color_hover":"","ocean_menu_link_color_active":"","ocean_menu_link_background":"","ocean_menu_link_hover_background":"","ocean_menu_link_active_background":"","ocean_menu_social_links_bg":"","ocean_menu_social_hover_links_bg":"","ocean_menu_social_links_color":"","ocean_menu_social_hover_links_color":"","ocean_disable_title":"on","ocean_disable_heading":"default","ocean_post_title":"","ocean_post_subheading":"","ocean_post_title_style":"","ocean_post_title_background_color":"","ocean_post_title_background":0,"ocean_post_title_bg_image_position":"","ocean_post_title_bg_image_attachment":"","ocean_post_title_bg_image_repeat":"","ocean_post_title_bg_image_size":"","ocean_post_title_height":0,"ocean_post_title_bg_overlay":0.5,"ocean_post_title_bg_overlay_color":"","ocean_disable_breadcrumbs":"default","ocean_breadcrumbs_color":"","ocean_breadcrumbs_separator_color":"","ocean_breadcrumbs_links_color":"","ocean_breadcrumbs_links_hover_color":"","ocean_display_footer_widgets":"off","ocean_display_footer_bottom":"off","ocean_custom_footer_template":"0","footnotes":""},"_links":{"self":[{"href":"https:\/\/akpsychderm.com\/index.php?rest_route=\/wp\/v2\/pages\/21"}],"collection":[{"href":"https:\/\/akpsychderm.com\/index.php?rest_route=\/wp\/v2\/pages"}],"about":[{"href":"https:\/\/akpsychderm.com\/index.php?rest_route=\/wp\/v2\/types\/page"}],"author":[{"embeddable":true,"href":"https:\/\/akpsychderm.com\/index.php?rest_route=\/wp\/v2\/users\/1"}],"replies":[{"embeddable":true,"href":"https:\/\/akpsychderm.com\/index.php?rest_route=%2Fwp%2Fv2%2Fcomments&post=21"}],"version-history":[{"count":67,"href":"https:\/\/akpsychderm.com\/index.php?rest_route=\/wp\/v2\/pages\/21\/revisions"}],"predecessor-version":[{"id":5220,"href":"https:\/\/akpsychderm.com\/index.php?rest_route=\/wp\/v2\/pages\/21\/revisions\/5220"}],"wp:attachment":[{"href":"https:\/\/akpsychderm.com\/index.php?rest_route=%2Fwp%2Fv2%2Fmedia&parent=21"}],"curies":[{"name":"wp","href":"https:\/\/api.w.org\/{rel}","templated":true}]}}